{"id":18,"date":"2014-05-21T00:13:26","date_gmt":"2014-05-20T23:13:26","guid":{"rendered":"http:\/\/consciencecorp.cluster1.easy-hebergement.net\/consciencecorporelle.fr\/?page_id=18"},"modified":"2020-02-07T10:12:29","modified_gmt":"2020-02-07T09:12:29","slug":"la-therapeute","status":"publish","type":"page","link":"http:\/\/consciencecorporelle.fr\/?page_id=18","title":{"rendered":"Parcours"},"content":{"rendered":"\n<div class=\"wp-block-group\"><div class=\"wp-block-group__inner-container\">\n<ul><li>Th\u00e9rapeute psychocorporelle dipl\u00f4m\u00e9e en Conscience Physiologique <\/li><li>Dipl\u00f4m\u00e9e en Int\u00e9gration m\u00e9morielle par l&rsquo;\u00e9cole Anschma <\/li><li>Dipl\u00f4m\u00e9e en Harmonisation \u00e9nerg\u00e9tique Anschma <\/li><li>Co-anime des stages de psychoth\u00e9rapie et de formation Conscience physiologique <\/li><li>Assistante de formation Conscience physiologique <\/li><li>Co-anime les ateliers Mouvement et conscience \u00e0 Lyon <\/li><li>Dipl\u00f4m\u00e9e en Yoga Nidra<\/li><\/ul>\n\n\n\n<figure class=\"wp-block-image size-medium\"><img loading=\"lazy\" width=\"195\" height=\"300\" src=\"http:\/\/consciencecorporelle.fr\/wp-content\/uploads\/2014\/04\/P8080931-195x300.jpg\" alt=\"\" class=\"wp-image-269\" srcset=\"http:\/\/consciencecorporelle.fr\/wp-content\/uploads\/2014\/04\/P8080931-195x300.jpg 195w, http:\/\/consciencecorporelle.fr\/wp-content\/uploads\/2014\/04\/P8080931-666x1024.jpg 666w, http:\/\/consciencecorporelle.fr\/wp-content\/uploads\/2014\/04\/P8080931-500x768.jpg 500w, http:\/\/consciencecorporelle.fr\/wp-content\/uploads\/2014\/04\/P8080931.jpg 1640w\" sizes=\"(max-width: 195px) 100vw, 195px\" \/><\/figure>\n<\/div><\/div>\n\n\n\n<!--more Lire la suite -->\n\n\n\n<p>Depuis l\u2019adolescence, je m&rsquo;interrogeais sur le sens de la vie et sur l&rsquo;humain. Je sentais le besoin de me lib\u00e9rer du bagage familial et social, que je supposais \u00eatre \u00e0 l&rsquo;origine de mes probl\u00e9matiques physiques et psychiques. <\/p>\n\n\n\n<p>Au fil des ans, ma pens\u00e9e et ma vie se sont orient\u00e9es vers les arts. Cr\u00e9er \u00e9tait une n\u00e9cessit\u00e9 int\u00e9rieure, parfois l\u2019expression de mon \u00eatre&nbsp;profond, mais aussi une tentative de transmuter toutes ces charges.<\/p>\n\n\n\n<p>Suite \u00e0 un \u00e9v\u00e9nement familial en point de rupture, j\u2019ai commenc\u00e9 mon parcours de gu\u00e9rison et de compr\u00e9hension globale de l\u2019humain. J&rsquo;ai d\u00e9couvert la th\u00e9rapie Conscience physiologique, comme une r\u00e9v\u00e9lation. Le corps ne ment pas, il nous pousse \u00e0 l\u2019authenticit\u00e9, \u00eatre sinc\u00e8re sur le chemin du mieux-vivre et de la connaissance de soi.<\/p>\n\n\n\n<p>Progressivement, je me suis lib\u00e9r\u00e9e des m\u00e9moires et fonctionnements limitatifs. La formation en Conscience physiologique m&rsquo;a permis de d\u00e9velopper mes sens int\u00e9rieurs, une conscience plus profonde et subtile du vivant et de l&rsquo;humain en g\u00e9n\u00e9ral. Ce processus d&rsquo;individuation a laiss\u00e9 place \u00e0 mes qualit\u00e9s d&rsquo;\u00e2me et de th\u00e9rapeute naturellement.<\/p>\n\n\n\n<p>Depuis 2014, je propose avec Nelly Duc Goninaz des stages de psychoth\u00e9rapie corporelle ouverts \u00e0 toutes personnes. A partir de 2018, nous animons certains stages de la formation Conscience physiologique.<\/p>\n\n\n\n<p>En 2019, dans un but d&rsquo;\u00e9volution personnelle et d&rsquo;accompagnement, je me forme aupr\u00e8s de l\u2019\u00c9cole Anschma en Int\u00e9gration m\u00e9morielle et en Harmonisation \u00e9nerg\u00e9tique.<\/p>\n\n\n\n<p>Je poursuis une d\u00e9marche personnelle, de compr\u00e9hension de l\u2019humain, du vivant et de l&rsquo;univers. Je pratique la m\u00e9ditation, le Hatha Yoga (postures et souffle), et les mouvements d\u2019\u00e9veil corporel (Antigym, MLC, Feldenkreis). Ces techniques invitent \u00e0 se rencontrer plus en profondeur et \u00e0 repousser ses limites corporelles, \u00e9motionnelles et mentales.<\/p>\n\n\n\n<p><\/p>\n","protected":false},"excerpt":{"rendered":"<p>Th\u00e9rapeute psychocorporelle dipl\u00f4m\u00e9e en Conscience Physiologique Dipl\u00f4m\u00e9e en Int\u00e9gration m\u00e9morielle par l&rsquo;\u00e9cole Anschma Dipl\u00f4m\u00e9e en Harmonisation \u00e9nerg\u00e9tique Anschma Co-anime des stages de psychoth\u00e9rapie et de formation Conscience physiologique Assistante de formation Conscience physiologique Co-anime les ateliers Mouvement et conscience \u00e0 Lyon Dipl\u00f4m\u00e9e en Yoga Nidra<\/p>\n","protected":false},"author":1,"featured_media":0,"parent":0,"menu_order":3,"comment_status":"closed","ping_status":"closed","template":"","meta":[],"_links":{"self":[{"href":"http:\/\/consciencecorporelle.fr\/index.php?rest_route=\/wp\/v2\/pages\/18"}],"collection":[{"href":"http:\/\/consciencecorporelle.fr\/index.php?rest_route=\/wp\/v2\/pages"}],"about":[{"href":"http:\/\/consciencecorporelle.fr\/index.php?rest_route=\/wp\/v2\/types\/page"}],"author":[{"embeddable":true,"href":"http:\/\/consciencecorporelle.fr\/index.php?rest_route=\/wp\/v2\/users\/1"}],"replies":[{"embeddable":true,"href":"http:\/\/consciencecorporelle.fr\/index.php?rest_route=%2Fwp%2Fv2%2Fcomments&post=18"}],"version-history":[{"count":33,"href":"http:\/\/consciencecorporelle.fr\/index.php?rest_route=\/wp\/v2\/pages\/18\/revisions"}],"predecessor-version":[{"id":414,"href":"http:\/\/consciencecorporelle.fr\/index.php?rest_route=\/wp\/v2\/pages\/18\/revisions\/414"}],"wp:attachment":[{"href":"http:\/\/consciencecorporelle.fr\/index.php?rest_route=%2Fwp%2Fv2%2Fmedia&parent=18"}],"curies":[{"name":"wp","href":"https:\/\/api.w.org\/{rel}","templated":true}]}}