{"id":409,"date":"2020-02-07T10:03:28","date_gmt":"2020-02-07T09:03:28","guid":{"rendered":"http:\/\/consciencecorporelle.fr\/?page_id=409"},"modified":"2020-04-18T13:53:49","modified_gmt":"2020-04-18T12:53:49","slug":"harmonisation-energetique-anschma","status":"publish","type":"page","link":"http:\/\/consciencecorporelle.fr\/?page_id=409","title":{"rendered":"Harmonisation \u00e9nerg\u00e9tique Anschma\u00a9"},"content":{"rendered":"\n<p>Nous\nsavons bien que nous avons un corps physique&nbsp;; c\u2019est une\n\u00e9vidence palpable. En revanche, la plupart d\u2019entre nous ignore que\nnous poss\u00e9dons \u00e9galement une structure vibratoire complexe.\nBien qu\u2019invisible pour la plupart d\u2019entre-nous, certaines\npersonnes peuvent\npercevoir ses\norganes.<\/p>\n\n\n\n<p>On\nnettoie son corps physique&nbsp;: par la douche, les plantes, les\nbalades en nature, la psychoth\u00e9rapie, etc. L\u2019harmonisation\n\u00e9nerg\u00e9tique consiste en un nettoyage de notre structure vibratoire,\ndont chakras et corps subtils. \n<\/p>\n\n\n\n<p>De nombreuses traditions spirituelles font \u00e9tat d\u2019une structure vibratoire humaine. L\u2019\u00eatre humain dans sa globalit\u00e9 est vaste et sophistiqu\u00e9. Notre \u00eatre englobe le corps, la psych\u00e9 (nos \u00e9motions et croyances) et l\u2019\u00e2me. La structure vibratoire, form\u00e9e par les enveloppes suprasensibles que sont nos<strong> <\/strong>chakras et nos corps subtils, fait \u00e9galement partie de notre corps. Tous ces \u00e9l\u00e9ments vibrent en nous, id\u00e9alement en communication harmonieuse. C&rsquo;est un flux de vie qui coule en nous. <\/p>\n\n\n\n<p><strong>Anatomie\ndes corps subtils<\/strong><\/p>\n\n\n\n<p>Le\ncorps physique est entour\u00e9 de diff\u00e9rentes strates,\ninvisibles car\nmoins denses&nbsp;:\nles corps subtils. Ces\ndiff\u00e9rents plans sont\nsuperpos\u00e9s les uns aux\nautres, imbriqu\u00e9s les uns dans les autres, \u00e0 la mani\u00e8re des\npoup\u00e9es russes.<\/p>\n\n\n\n<p>Il s\u2019agit des corps \u00e9th\u00e9rique, \u00e9motionnel, mental, astral, supra-astral, le corps c\u00e9leste et le corps de lumi\u00e8re.  <\/p>\n\n\n\n<p>Diff\u00e9rents aspects forment ces sept corps subtils\u00a0: les chakras principaux et secondaires, le r\u00e9seau de canaux appel\u00e9s m\u00e9ridiens ou nadis, le syst\u00e8me nerveux, le code g\u00e9n\u00e9tique. Dans les nadis circule le prana, c\u2019est-\u00e0-dire le flux vital. Les corps subtils sont constitu\u00e9s du prana. Ils sont le support pour que l\u2019\u00e2me et la personnalit\u00e9 s\u2019expriment.<\/p>\n\n\n\n<p>Chaque\ncorps a une fonction sp\u00e9cifique et permet \u00e0 l\u2019\u00e2me d\u2019exp\u00e9rimenter\ndiverses r\u00e9alit\u00e9s. Tous ensemble sont inter-reli\u00e9s, s\u2019influen\u00e7ant\nmutuellement et interp\u00e9n\u00e9trant le corps physique. \n<\/p>\n\n\n\n<p>Les corps subtils correspondent \u00e0 des plans de conscience superpos\u00e9s. La personnalit\u00e9 loge dans les trois premiers et voire dans le corps astral. Au del\u00e0 est le transpersonnel, l\u2019universel.  <\/p>\n\n\n\n<p>Au centre de notre corps physique, le long de la colonne vert\u00e9brale, est situ\u00e9e la Sushumna. Elle est \u00ab\u00a0la rivi\u00e8re de vie\u00a0\u00bb, le principal canal vibratoire o\u00f9 circule le prana. Elle nous permet d\u2019\u00eatre symboliquement un arbre de vie qui puise \u00e0 la terre et au ciel.<\/p>\n\n\n\n<p>Les sept chakras principaux, ou chakras primaires, prennent racine directement dans la sushumna\u00a0: la base, le hara, le plexus, le c\u0153ur, la gorge, la conscience et la couronne.<\/p>\n\n\n\n<p>Les chakras secondaires sont reli\u00e9s avec les chakras primaires. Ainsi les chakras des hanches, des genoux, des chevilles, des orteils et de leurs articulations sont le prolongement du chakra de la base. De m\u00eame, les chakras des \u00e9paules, des coudes, des poignets, des doigts et de leurs articulations sont en relation avec le chakra du c\u0153ur. Les chakras du thymus et du c\u0153ur spirituel sont aussi en lien avec le chakra du c\u0153ur. Nous avons ainsi de nombreux autres chakras secondaires et des chakras en d\u00e9veloppement. Notre structure vibratoire \u00e9volue parall\u00e8lement \u00e0 l\u2019\u00e9volution de l\u2019humanit\u00e9, de la plan\u00e8te, de l\u2019univers.<\/p>\n\n\n\n<p>Les sept chakras principaux sont situ\u00e9s dans des zones sp\u00e9cifiques du corps physique. Ils sont associ\u00e9s aux glandes endocrines. Le syst\u00e8me endocrinien permet l\u2019union entre la structure vibratoire et le physiologique. Les chakras sont des sens giratoires du r\u00e9seau vibratoire et  correspondent \u00e0 des carrefours du syst\u00e8me nerveux, les plexus nerveux. Tous nos organes internes, nos articulations, nos muscles, sont aliment\u00e9s par le prana, via la sushumna et les chakras. Notre psych\u00e9 influence et est influenc\u00e9e par nos glandes, qui communiquent par les hormones via le sang. Ce sont nos \u00ab\u00a0\u00e9tats d\u2019\u00e2me\u00a0\u00bb.  <\/p>\n\n\n\n<p>Certains\ncorps subtils, les plus proches du corps physique, se d\u00e9veloppent\nbien apr\u00e8s la naissance, vers 5-7ans. Avant, l\u2019enfant \u00e0 besoins\nde se blottir contre le corps de ses parents. Il se love dans leur\naura pour y vivre ses \u00e9motions, les comprendre, apprendre les codes\nsociaux\u2026 Il y d\u00e9veloppe\nses organes vibratoires qui l\u2019aideront \u00e0 vivre son incarnation.\nNos corps subtils s\u2019expandent\nsous l&rsquo;influence de l&rsquo;invisible des parents. C\u2018est un aspect majeur\ndu transg\u00e9n\u00e9rationnel, au del\u00e0 de la transmission des m\u00e9moires\npar l\u2019ovule et le spermatozo\u00efde, dans l&rsquo;ut\u00e9rus et par l\u2019\u00e9ducation\nou la vie commune. \n<\/p>\n\n\n\n<p>Tout est li\u00e9. Notre structure vibratoire refl\u00e8te ce que nous sommes, notre \u00e9tat int\u00e9rieur physique, affectif, mental, psychologique et spirituel. Nos corps subtils et nos chakras v\u00e9hiculent l\u2019\u00e2me, notre essence sp\u00e9cifique, ainsi que nos m\u00e9moires personnelles ou h\u00e9r\u00e9ditaires, notre structure de fonctionnement.<\/p>\n\n\n\n<p><strong><em>Pourquoi recevoir un traitement d&rsquo;harmonisation des chakras et des corps subtils\u00a0?<\/em><\/strong><\/p>\n\n\n\n<p>La\n communication entre les diff\u00e9rents aspects de l\u2019\u00eatre (\u00e2me,\npsych\u00e9, soma) est souvent perturb\u00e9e, particuli\u00e8rement dans nos\nsoci\u00e9t\u00e9s modernes. Cette s\u00e9paration g\u00e9n\u00e8re des blocages\n\u00e9nerg\u00e9tiques, la perte de fluidit\u00e9 vibratoire. Comme nous l\u2019avons\nvu, les cons\u00e9quences peuvent s\u2019encha\u00eener, se d\u00e9pla\u00e7ant d\u2019un\norgane vibratoire \u00e0 l\u2019autre. Elles se r\u00e9v\u00e8lent\ndans le corps \u00e9motionnel sous forme d\u2019hypersensibilit\u00e9 ou de\nfroideur, dans le corps mental en croyances ou principes rigides. La\nstructure de survie s\u2019\u00e9toffe, \u00e9loignant un peu plus la personne\nde son \u00eatre profond. A la longue, ces n\u0153uds se\nmanifestent dans le corps physique sous forme d\u2019inconfort,\nde maladie&nbsp;: c\u2019est la somatisation, ou blocage physiologique,\nune r\u00e9action naturelle d&rsquo;adaptation de l\u2019\u00eatre vivant.<\/p>\n\n\n\n<p>Les\norganes vibratoires sont invisibles, impalpables, et pourtant li\u00e9s\nau corps physique. Il le soutiennent. Ils sont \u00e9galement intimement\nli\u00e9s \u00e0 la psych\u00e9, \u00e0 la sant\u00e9 mentale.<\/p>\n\n\n\n<p>Tout comme un organe physique, par exemple un foie surcharg\u00e9 qui a besoin de d\u2019\u00eatre nettoy\u00e9, drain\u00e9 pour assurer un bon nettoyage du sang, les organes \u00e9nerg\u00e9tiques ont besoin d\u2019\u00eatre nettoy\u00e9s pour bien assurer leurs fonctions.<\/p>\n\n\n\n<p>L\u2019Harmonisation\n\u00e9nerg\u00e9tique aide \u00e0 relancer le mouvement int\u00e9rieur en\nd\u00e9cristalisant les blocages\n\u00e9nerg\u00e9tiques qui le retiennent. Du coup, le prana circule\nmieux dans les m\u00e9ridiens, les blocages de vie et les tensions, tant\nphysiques que psychique, se d\u00e9nouent. \n<\/p>\n\n\n\n<p>Cet\naccompagnement permet une profonde\ntransformation, la\ntransmutation de la\nsubstance vibratoire. \n<\/p>\n\n\n\n<p>L\u2019intervention en Harmonisation \u00e9nerg\u00e9tique agit sur les difficult\u00e9s d\u2019ordre relationnel ou corporel, sur l\u2019angoisse, le surmenage, etc.<\/p>\n\n\n\n<p>La\nd\u00e9marche peut aussi \u00eatre spirituelle&nbsp;: s\u2019ouvrir \u00e0 une\nconscience plus vaste de notre \u00eatre et du sens de l\u2019\u00e9volution.<\/p>\n\n\n\n<p><em><strong>D\u00e9roulement\nd\u2019une s\u00e9ance&nbsp;:<\/strong><\/em><\/p>\n\n\n\n<p><em>Lors\nd\u2019une s\u00e9ance en Harmonisation \u00e9nerg\u00e9tique<\/em><em>,\n<\/em><em>vous\n<\/em><em>\u00eates<\/em><em>\nallong\u00e9 confortablement, dans une atmosph\u00e8re amenant \u00e0 la d\u00e9tente.\n<\/em>\n<\/p>\n\n\n\n<p>Je\nr\u00e9alise des diagnostiques\nd\u00e9taill\u00e9s\nsur les structures vibratoires&nbsp;: j\u2019identifie les aspects qui\nn\u00e9cessitent un soutien, une lib\u00e9ration&nbsp;; je rep\u00e8re les\ndiverses configurations\nqui limitent la circulation du\nflux vital.\n\n<\/p>\n\n\n\n<p>L\u2019intervention sur la structure \u00e9nerg\u00e9tique se pratique essentiellement par imposition des mains. Elle \u00e9quivaut \u00e0 une chirurgie \u00e9nerg\u00e9tique et permet d\u2019agir profond\u00e9ment sur le corps physique.<\/p>\n\n\n\n<p>Mon accompagnement consiste \u00e0 recevoir et partager le fluide de gu\u00e9rison. Je pratique des gestes tr\u00e8s pr\u00e9cis pour redonner de la souplesse, de la fluidit\u00e9 aux organes vibratoires. J\u2019interviens en accord et en connexion \u00e0 votre \u00e2me. Nous nettoierons les d\u00e9chets stagnant dans votre champ vibratoire et nous all\u00e9gerons les chakras en demande. Pour les corps subtils, nous interviendrons directement sur la ligne m\u00e9diane\u00a0: nous les aiderons \u00e0 se lib\u00e9rer des configurations responsables d\u2019un dysfonctionnement, dans le respect de l\u2019\u00e9cologie de votre \u00eatre. La vie, c\u2019est-\u00e0-dire le prana, circule de fa\u00e7on plus harmonieuse. Ce que votre structure sera en capacit\u00e9 de transformer.<\/p>\n\n\n\n<p>Le\ntraitement est d\u2019autant plus efficace que vous vous abandonnez dans\nun \u00e9tat de r\u00e9ceptivit\u00e9. Accueillez la vibration de la\nr\u00e9g\u00e9n\u00e9ration, la vibration de l\u2019amour, la vibration de l\u2019\u00e2me.\nVous \u00eates votre propre outil de gu\u00e9rison.<\/p>\n\n\n\n<p> Aucune connaissance n\u2019est n\u00e9cessaire. Au contraire, des connaissances assimil\u00e9es en croyances peuvent parfois bloquer la fluidit\u00e9 \u00e0 l&rsquo;int\u00e9rieur des cellules.<\/p>\n\n\n\n<p>Cette approche th\u00e9rapeutique s\u2019adresse \u00e0 toute personne, adulte, adolescent ou enfant. Elle ne remplace ni ne dispense d\u2019une visite chez votre m\u00e9decin. Elle ne peut se substituer \u00e0 un examen ou un traitement m\u00e9dical.<\/p>\n","protected":false},"excerpt":{"rendered":"<p>Nous savons bien que nous avons un corps physique&nbsp;; c\u2019est une \u00e9vidence palpable. En revanche, la plupart d\u2019entre nous ignore que nous poss\u00e9dons \u00e9galement une structure vibratoire complexe. Bien qu\u2019invisible pour la plupart d\u2019entre-nous, certaines personnes peuvent percevoir ses organes. On nettoie son corps physique&nbsp;: par la douche, les plantes, les balades en nature, la &hellip; <\/p>\n<p class=\"link-more\"><a href=\"http:\/\/consciencecorporelle.fr\/?page_id=409\" class=\"more-link\">Continuer la lecture<span class=\"screen-reader-text\"> de &laquo;&nbsp;Harmonisation \u00e9nerg\u00e9tique Anschma\u00a9&nbsp;&raquo;<\/span><\/a><\/p>\n","protected":false},"author":1,"featured_media":0,"parent":0,"menu_order":0,"comment_status":"closed","ping_status":"closed","template":"","meta":[],"_links":{"self":[{"href":"http:\/\/consciencecorporelle.fr\/index.php?rest_route=\/wp\/v2\/pages\/409"}],"collection":[{"href":"http:\/\/consciencecorporelle.fr\/index.php?rest_route=\/wp\/v2\/pages"}],"about":[{"href":"http:\/\/consciencecorporelle.fr\/index.php?rest_route=\/wp\/v2\/types\/page"}],"author":[{"embeddable":true,"href":"http:\/\/consciencecorporelle.fr\/index.php?rest_route=\/wp\/v2\/users\/1"}],"replies":[{"embeddable":true,"href":"http:\/\/consciencecorporelle.fr\/index.php?rest_route=%2Fwp%2Fv2%2Fcomments&post=409"}],"version-history":[{"count":3,"href":"http:\/\/consciencecorporelle.fr\/index.php?rest_route=\/wp\/v2\/pages\/409\/revisions"}],"predecessor-version":[{"id":431,"href":"http:\/\/consciencecorporelle.fr\/index.php?rest_route=\/wp\/v2\/pages\/409\/revisions\/431"}],"wp:attachment":[{"href":"http:\/\/consciencecorporelle.fr\/index.php?rest_route=%2Fwp%2Fv2%2Fmedia&parent=409"}],"curies":[{"name":"wp","href":"https:\/\/api.w.org\/{rel}","templated":true}]}}