{"id":83,"date":"2014-05-22T15:08:11","date_gmt":"2014-05-22T14:08:11","guid":{"rendered":"http:\/\/consciencecorp.cluster1.easy-hebergement.net\/consciencecorporelle.fr\/?page_id=83"},"modified":"2020-05-04T19:46:05","modified_gmt":"2020-05-04T18:46:05","slug":"conscience-corporelle","status":"publish","type":"page","link":"http:\/\/consciencecorporelle.fr\/?page_id=83","title":{"rendered":"Th\u00e9rapie psychocorporelle"},"content":{"rendered":"<h2>La conscience physiologique<\/h2>\n<p style=\"text-align: justify;\"><span style=\"font-family: trebuchet ms,geneva;\">L\u2019\u00eatre humain est compos\u00e9 principalement d\u2019eau marine, qui est \u00e0 l\u2019origine de la vie. Or, l\u2019eau de nos cellules garde les m\u00e9moires de toute son histoire, et accumule les informations au cours de notre vie depuis la vie foetale. C\u2019est la m\u00e9moire cellulaire.<\/span><\/p>\n<p style=\"text-align: justify;\"><span style=\"font-family: trebuchet ms,geneva;\">Dans l\u2019ovule et le spermatozo\u00efde sont d\u00e9j\u00e0 inscrites des m\u00e9moires de chacun de nos parents. Ensuite s\u2019ajoutent les traumatismes psychologiques, physiques et chimiques subis aux p\u00e9riodes de la conception, la f\u00e9condation, la gestation et la naissance, puis \u00e0 tous les \u00e2ges de la vie.<\/span><\/p>\n<p style=\"text-align: justify;\"><span style=\"font-family: trebuchet ms,geneva;\">Cette m\u00e9moire cellulaire est form\u00e9e de mol\u00e9cules qui troublent notre eau, influencent nos pens\u00e9es, nos sens et nos actes. Elle s\u2019exprime par nos fonctionnements qui nous limitent, g\u00e9n\u00e9rant des difficult\u00e9s et des contournements dans notre corps et dans notre vie.<\/span><\/p>\n<p style=\"text-align: justify;\"><span style=\"font-family: trebuchet ms,geneva;\">Par la conscience corporelle, nous ressentons les m\u00e9moires douloureuses en lien avec l\u2019origine de nos v\u00e9cus, qu\u2019ils nous paraissent choisis ou impos\u00e9s. Nous comprenons alors\u00a0que nos probl\u00e9matiques (m\u00eame psychiques) sont ancr\u00e9es dans notre mati\u00e8re. C\u2019est pourquoi le processus physiologique de r\u00e9g\u00e9n\u00e9ration permet de s\u2019en lib\u00e9rer.<\/span><\/p>\n<h2>La th\u00e9rapie en conscience physiologique<\/h2>\n<p>La psychoth\u00e9rapie corporelle est un voyage. Depuis la profondeur du corps et de la psych\u00e9 vers la rencontre de soi.\u00a0 Elle permet de se lib\u00e9rer des peurs, des \u00e9motions, des m\u00e9moires douloureuses du pass\u00e9.<br \/>Par la compr\u00e9hension psycho-physiologique de son histoire, l\u2019observation consciente de ses ressentis et perceptions sensorielles (sentir et ressentir son corps) on peut prendre conscience de ses fonctionnements. Cette exp\u00e9rience permet de d\u00e9faire ses tensions physiologiques et relationnelles\u2026 pour lib\u00e9rer le mouvement vibratoire en soi.<\/p>\n<h3>D\u00e9roulement d&rsquo;une s\u00e9ance<\/h3>\n<p>La s\u00e9ance commence par un \u00e9change verbal en face \u00e0 face,\u202d \u202cqui permet de poser ses valises, \u202d \u202craconter son v\u00e9cu depuis la derni\u00e8re\u202d \u202cs\u00e9ance.\u202d \u202cC\u202d\u2019\u202cest un temps d\u202d\u2019\u202c\u00e9coute et d\u202d\u2019\u202c\u00e9change\u202d \u202cpour apporter du sens sur les liens inconscients entre les peurs ou les blocages actuels, et les traces du pass\u00e9\u202d (jusqu\u2019\u00e0\u202c plusieurs g\u00e9n\u00e9rations).<\/p>\n<p>Ensuite,\u202d \u202cle patient peut s\u202d\u2019\u202callonger sur\u202d \u202cla table de massage pour ressentir les m\u00e9moires\u202d \u202cpr\u00e9sentes dans ses organes \u00e0 l\u2019aide de mots signifiants et de massages, et comprendre en conscience leur\u202d \u202cinfluence sur les faits expos\u00e9s lors de l\u202d\u2019\u202centretien.<\/p>\n<p>Avoir une conscience physiologique d\u2019une probl\u00e9matique et des mol\u00e9cules en cause relance le p\u00e9ristaltisme (le mouvement ondulatoire de la digestion des aliments et des \u00e9motions).<\/p>\n<p>La s\u00e9ance se termine souvent par\u202d \u202cun massage de r\u00e9gulation,\u202d \u202cpour rester pr\u00e9sent dans son corps,\u202d \u202cavec le ressenti de son propre vibratoire.<\/p>\n<p>Pour laisser le temps au travail de conscience et \u00e0 la digestion dans le corps, les s\u00e9ances durent 1h30 \u00e0 une fr\u00e9quence d&rsquo;une par quinzaine. Toutefois, selon la personne et le moment, les s\u00e9ances peuvent se d\u00e9rouler diff\u00e9remment et \u00e0 un rythme plus ou moins soutenu.<\/p>\n<p>Au fil des s\u00e9ances, ce travail am\u00e8ne \u00e0 une transformation profonde de la mati\u00e8re et de l\u202d\u2019\u202c\u00eatre.<\/p>\n<h3>A qui s&rsquo;adresse la th\u00e9rapie<\/h3>\n<p>A toute personne d\u00e9sireuse de se rencontrer, de changer quelque chose dans sa vie, soulager des tensions physiques ou relationnelles.<br \/>Adultes, couples, enfants.<\/p>\n<p style=\"text-align: justify;\"><span style=\"line-height: 1.5em; font-family: trebuchet ms,geneva;\">\u00a0<\/span><\/p>\n\n\n<figure class=\"wp-block-image size-large\"><img loading=\"lazy\" width=\"1024\" height=\"576\" src=\"http:\/\/consciencecorporelle.fr\/wp-content\/uploads\/2020\/05\/20200114_120456-1024x576.jpg\" alt=\"\" class=\"wp-image-455\" srcset=\"http:\/\/consciencecorporelle.fr\/wp-content\/uploads\/2020\/05\/20200114_120456-1024x576.jpg 1024w, http:\/\/consciencecorporelle.fr\/wp-content\/uploads\/2020\/05\/20200114_120456-300x169.jpg 300w, http:\/\/consciencecorporelle.fr\/wp-content\/uploads\/2020\/05\/20200114_120456-768x432.jpg 768w, http:\/\/consciencecorporelle.fr\/wp-content\/uploads\/2020\/05\/20200114_120456-1536x864.jpg 1536w, http:\/\/consciencecorporelle.fr\/wp-content\/uploads\/2020\/05\/20200114_120456-2048x1152.jpg 2048w\" sizes=\"(max-width: 706px) 89vw, (max-width: 767px) 82vw, 740px\" \/><\/figure>\n","protected":false},"excerpt":{"rendered":"<p>La conscience physiologique L\u2019\u00eatre humain est compos\u00e9 principalement d\u2019eau marine, qui est \u00e0 l\u2019origine de la vie. Or, l\u2019eau de nos cellules garde les m\u00e9moires de toute son histoire, et accumule les informations au cours de notre vie depuis la vie foetale. C\u2019est la m\u00e9moire cellulaire. Dans l\u2019ovule et le spermatozo\u00efde sont d\u00e9j\u00e0 inscrites des &hellip; <\/p>\n<p class=\"link-more\"><a href=\"http:\/\/consciencecorporelle.fr\/?page_id=83\" class=\"more-link\">Continuer la lecture<span class=\"screen-reader-text\"> de &laquo;&nbsp;Th\u00e9rapie psychocorporelle&nbsp;&raquo;<\/span><\/a><\/p>\n","protected":false},"author":1,"featured_media":0,"parent":0,"menu_order":1,"comment_status":"closed","ping_status":"closed","template":"","meta":[],"_links":{"self":[{"href":"http:\/\/consciencecorporelle.fr\/index.php?rest_route=\/wp\/v2\/pages\/83"}],"collection":[{"href":"http:\/\/consciencecorporelle.fr\/index.php?rest_route=\/wp\/v2\/pages"}],"about":[{"href":"http:\/\/consciencecorporelle.fr\/index.php?rest_route=\/wp\/v2\/types\/page"}],"author":[{"embeddable":true,"href":"http:\/\/consciencecorporelle.fr\/index.php?rest_route=\/wp\/v2\/users\/1"}],"replies":[{"embeddable":true,"href":"http:\/\/consciencecorporelle.fr\/index.php?rest_route=%2Fwp%2Fv2%2Fcomments&post=83"}],"version-history":[{"count":15,"href":"http:\/\/consciencecorporelle.fr\/index.php?rest_route=\/wp\/v2\/pages\/83\/revisions"}],"predecessor-version":[{"id":459,"href":"http:\/\/consciencecorporelle.fr\/index.php?rest_route=\/wp\/v2\/pages\/83\/revisions\/459"}],"wp:attachment":[{"href":"http:\/\/consciencecorporelle.fr\/index.php?rest_route=%2Fwp%2Fv2%2Fmedia&parent=83"}],"curies":[{"name":"wp","href":"https:\/\/api.w.org\/{rel}","templated":true}]}}