{"id":2,"date":"2014-04-10T12:49:00","date_gmt":"2014-04-10T11:49:00","guid":{"rendered":"http:\/\/consciencecorp.cluster1.easy-hebergement.net\/consciencecorporelle.fr\/?page_id=2"},"modified":"2020-02-07T10:17:00","modified_gmt":"2020-02-07T09:17:00","slug":"accueil","status":"publish","type":"page","link":"https:\/\/consciencecorporelle.fr\/","title":{"rendered":"Pr\u00e9sentation"},"content":{"rendered":"\n<p>Praticienne en Conscience Physiologique depuis 10 ans, je propose une approche analytique, alliant le corps et la psych\u00e9. J&rsquo;accompagne les personnes en recherche, en souffrance psychologique ou physique, dans une d\u00e9marche de connaissance de soi.  <\/p>\n\n\n\n<p>Le processus th\u00e9rapeutique permet de rendre conscientes les blessures accumul\u00e9es depuis la vie f\u0153tale, ainsi que les protections ou compensations mises en place automatiquement.  En soulevant les strates l\u2019une apr\u00e8s l\u2019autre, on d\u00e9voile les liens subtils entre histoire personnelle et fonctionnements physiologiques. La vitalit\u00e9 int\u00e9rieure retrouve sa force et ses qualit\u00e9s naturelles de r\u00e9g\u00e9n\u00e9ration et de cr\u00e9ation.<\/p>\n\n\n\n<p><\/p>\n\n\n\n<p><\/p>\n\n\n\n<p>Je propose \u00e9galement des s\u00e9ances de massages psycho-th\u00e9rapeutiques et de soins \u00e9nerg\u00e9tiques (Int\u00e9gration m\u00e9morielle et Harmonisation \u00e9nerg\u00e9tique Anschma).  Un soin apporte un mieux-\u00eatre et lib\u00e8re des m\u00e9moires conscientes ou inconscientes, mais agissantes. Pas \u00e0 pas, les s\u00e9ances dissolvent les tensions physiques, les blocages \u00e9motionnels et les conditionnements, laissant place au mouvement de la vie et \u00e0 l\u2019\u00catre profond.<\/p>\n\n\n\n<p><\/p>\n\n\n\n<p><\/p>\n","protected":false},"excerpt":{"rendered":"<p>Praticienne en Conscience Physiologique depuis 10 ans, je propose une approche analytique, alliant le corps et la psych\u00e9. J&rsquo;accompagne les personnes en recherche, en souffrance psychologique ou physique, dans une d\u00e9marche de connaissance de soi. Le processus th\u00e9rapeutique permet de rendre conscientes les blessures accumul\u00e9es depuis la vie f\u0153tale, ainsi que les protections ou compensations &hellip; <\/p>\n<p class=\"link-more\"><a href=\"https:\/\/consciencecorporelle.fr\/\" class=\"more-link\">Continuer la lecture<span class=\"screen-reader-text\"> de &laquo;&nbsp;Pr\u00e9sentation&nbsp;&raquo;<\/span><\/a><\/p>\n","protected":false},"author":1,"featured_media":0,"parent":0,"menu_order":0,"comment_status":"closed","ping_status":"closed","template":"","meta":[],"_links":{"self":[{"href":"https:\/\/consciencecorporelle.fr\/index.php?rest_route=\/wp\/v2\/pages\/2"}],"collection":[{"href":"https:\/\/consciencecorporelle.fr\/index.php?rest_route=\/wp\/v2\/pages"}],"about":[{"href":"https:\/\/consciencecorporelle.fr\/index.php?rest_route=\/wp\/v2\/types\/page"}],"author":[{"embeddable":true,"href":"https:\/\/consciencecorporelle.fr\/index.php?rest_route=\/wp\/v2\/users\/1"}],"replies":[{"embeddable":true,"href":"https:\/\/consciencecorporelle.fr\/index.php?rest_route=%2Fwp%2Fv2%2Fcomments&post=2"}],"version-history":[{"count":28,"href":"https:\/\/consciencecorporelle.fr\/index.php?rest_route=\/wp\/v2\/pages\/2\/revisions"}],"predecessor-version":[{"id":416,"href":"https:\/\/consciencecorporelle.fr\/index.php?rest_route=\/wp\/v2\/pages\/2\/revisions\/416"}],"wp:attachment":[{"href":"https:\/\/consciencecorporelle.fr\/index.php?rest_route=%2Fwp%2Fv2%2Fmedia&parent=2"}],"curies":[{"name":"wp","href":"https:\/\/api.w.org\/{rel}","templated":true}]}}