{"id":242,"date":"2016-08-09T09:44:05","date_gmt":"2016-08-09T08:44:05","guid":{"rendered":"http:\/\/consciencecorporelle.fr\/?page_id=242"},"modified":"2020-01-02T11:16:43","modified_gmt":"2020-01-02T10:16:43","slug":"contact","status":"publish","type":"page","link":"https:\/\/consciencecorporelle.fr\/?page_id=242","title":{"rendered":"Contact"},"content":{"rendered":"<div role=\"form\" class=\"wpcf7\" id=\"wpcf7-f325-o1\" lang=\"fr-FR\" dir=\"ltr\">\n<div class=\"screen-reader-response\"><\/div>\n<form action=\"\/index.php?rest_route=%2Fwp%2Fv2%2Fpages%2F242#wpcf7-f325-o1\" method=\"post\" class=\"wpcf7-form\" novalidate=\"novalidate\">\n<div style=\"display: none;\">\n<input type=\"hidden\" name=\"_wpcf7\" value=\"325\" \/>\n<input type=\"hidden\" name=\"_wpcf7_version\" value=\"5.1.6\" \/>\n<input type=\"hidden\" name=\"_wpcf7_locale\" value=\"fr_FR\" \/>\n<input type=\"hidden\" name=\"_wpcf7_unit_tag\" value=\"wpcf7-f325-o1\" \/>\n<input type=\"hidden\" name=\"_wpcf7_container_post\" value=\"0\" \/>\n<\/div>\n<p>Votre nom (obligatoire)<br \/>\n    <span class=\"wpcf7-form-control-wrap your-name\"><input type=\"text\" name=\"your-name\" value=\"\" size=\"40\" class=\"wpcf7-form-control wpcf7-text wpcf7-validates-as-required\" aria-required=\"true\" aria-invalid=\"false\" \/><\/span> <\/p>\n<p>Votre email (obligatoire)<br \/>\n    <span class=\"wpcf7-form-control-wrap your-email\"><input type=\"email\" name=\"your-email\" value=\"\" size=\"40\" class=\"wpcf7-form-control wpcf7-text wpcf7-email wpcf7-validates-as-required wpcf7-validates-as-email\" aria-required=\"true\" aria-invalid=\"false\" \/><\/span> <\/p>\n<p>Sujet<br \/>\n    <span class=\"wpcf7-form-control-wrap your-subject\"><input type=\"text\" name=\"your-subject\" value=\"\" size=\"40\" class=\"wpcf7-form-control wpcf7-text\" aria-invalid=\"false\" \/><\/span> <\/p>\n<p>Votre message<br \/>\n    <span class=\"wpcf7-form-control-wrap your-message\"><textarea name=\"your-message\" cols=\"40\" rows=\"10\" class=\"wpcf7-form-control wpcf7-textarea\" aria-invalid=\"false\"><\/textarea><\/span> <\/p>\n<p><input type=\"submit\" value=\"Envoyer\" class=\"wpcf7-form-control wpcf7-submit\" \/><\/p>\n<div class=\"wpcf7-response-output wpcf7-display-none\"><\/div><\/form><\/div>\n<p style=\"text-align: left;\"><span style=\"font-family: helvetica;\">Je vous accueille sur rendez-vous \u00e0 Lyon ou dans la Drome.<br \/>\n<\/span><\/p>\n<h3 style=\"text-align: left;\"><span style=\"font-family: helvetica;\">A Lyon<\/span><\/h3>\n<p style=\"text-align: left;\"><span style=\"font-family: helvetica;\">193, Grande rue de la Guilloti\u00e8re, 69007 Lyon<\/span><\/p>\n<p style=\"text-align: left;\"><span style=\"font-family: helvetica;\"><iframe loading=\"lazy\" style=\"border: 0;\" src=\"https:\/\/www.google.com\/maps\/embed?pb=!1m18!1m12!1m3!1d6621.819874065322!2d4.849501170207662!3d45.74849362922926!2m3!1f0!2f0!3f0!3m2!1i1024!2i768!4f13.1!3m3!1m2!1s0x0%3A0xfbd502b1e9b5eb31!2sClarisse+Morel!5e0!3m2!1sfr!2sfr!4v1521999689316\" width=\"600\" height=\"450\" frameborder=\"0\" allowfullscreen=\"allowfullscreen\"><\/iframe><\/span><\/p>\n<p style=\"text-align: left;\"><span style=\"font-family: helvetica;\">M\u00e9tro D arr\u00eat Garibaldi<\/span><\/p>\n<h3>En Drome<\/h3>\n<p>185, rue des Baumes, 26600 Larnage<\/p>\n<h3 style=\"text-align: left;\"><span style=\"font-family: helvetica;\">T\u00e9l\u00e9phone<\/span><\/h3>\n<h3 style=\"text-align: left;\"><span style=\"font-family: helvetica;\"><strong>06 81 50 61 87<\/strong><\/span><\/h3>\n","protected":false},"excerpt":{"rendered":"<p>Je vous accueille sur rendez-vous \u00e0 Lyon ou dans la Drome. A Lyon 193, Grande rue de la Guilloti\u00e8re, 69007 Lyon M\u00e9tro D arr\u00eat Garibaldi En Drome 185, rue des Baumes, 26600 Larnage T\u00e9l\u00e9phone 06 81 50 61 87<\/p>\n","protected":false},"author":1,"featured_media":0,"parent":0,"menu_order":0,"comment_status":"closed","ping_status":"closed","template":"","meta":[],"_links":{"self":[{"href":"https:\/\/consciencecorporelle.fr\/index.php?rest_route=\/wp\/v2\/pages\/242"}],"collection":[{"href":"https:\/\/consciencecorporelle.fr\/index.php?rest_route=\/wp\/v2\/pages"}],"about":[{"href":"https:\/\/consciencecorporelle.fr\/index.php?rest_route=\/wp\/v2\/types\/page"}],"author":[{"embeddable":true,"href":"https:\/\/consciencecorporelle.fr\/index.php?rest_route=\/wp\/v2\/users\/1"}],"replies":[{"embeddable":true,"href":"https:\/\/consciencecorporelle.fr\/index.php?rest_route=%2Fwp%2Fv2%2Fcomments&post=242"}],"version-history":[{"count":25,"href":"https:\/\/consciencecorporelle.fr\/index.php?rest_route=\/wp\/v2\/pages\/242\/revisions"}],"predecessor-version":[{"id":333,"href":"https:\/\/consciencecorporelle.fr\/index.php?rest_route=\/wp\/v2\/pages\/242\/revisions\/333"}],"wp:attachment":[{"href":"https:\/\/consciencecorporelle.fr\/index.php?rest_route=%2Fwp%2Fv2%2Fmedia&parent=242"}],"curies":[{"name":"wp","href":"https:\/\/api.w.org\/{rel}","templated":true}]}}