{"id":401,"date":"2020-02-07T09:50:25","date_gmt":"2020-02-07T08:50:25","guid":{"rendered":"http:\/\/consciencecorporelle.fr\/?page_id=401"},"modified":"2020-04-18T14:01:48","modified_gmt":"2020-04-18T13:01:48","slug":"integration-memorielle","status":"publish","type":"page","link":"https:\/\/consciencecorporelle.fr\/?page_id=401","title":{"rendered":"Int\u00e9gration m\u00e9morielle Anschma\u00a9"},"content":{"rendered":"\n<p>Les\ndifficult\u00e9s que nous rencontrons sont souvent des cons\u00e9quences de\nla fa\u00e7on dont nous avons g\u00e9r\u00e9 int\u00e9rieurement une situation.\nCulturellement, nous r\u00e9sistons au lieu de laisser aller, laisser\ncouler.<\/p>\n\n\n\n<p>Selon\nsi nous exprimons ou jugeons l\u2019\u00e9motion provoqu\u00e9e par un v\u00e9cu\nquel qu\u2019il soit, nous allons dig\u00e9rer l\u2019\u00e9nergie ou la bloquer.<\/p>\n\n\n\n<p>Plusieurs\naspects de nous influencent sur notre fa\u00e7on de g\u00e9rer l\u2019\u00e9motion&nbsp;:<\/p>\n\n\n\n<p>&#8211;\nnos conditionnements (familiaux, culturels&#8230;) et nos croyances\nmentales ou physiologiques \n<\/p>\n\n\n\n<p>&#8211;\nnos m\u00e9moires de vie depuis notre conception, celles transmises par\nnos parents, voire des m\u00e9moires d\u2019autres vies.<\/p>\n\n\n\n<p>Par\nr\u00e9sonance avec ces m\u00e9moires, l\u2019\u00e9motion v\u00e9cue \u00e0 l\u2019instant T\nsera amplifi\u00e9e et\/ou \u00e9touff\u00e9e.<\/p>\n\n\n\n<p>Par\nexemple, nous pouvons exploser de col\u00e8re pour une petite contrari\u00e9t\u00e9\nou fondre en larmes devant un film, r\u00e9action \u00e0 priori\ndisproportionn\u00e9e face \u00e0 l\u2019\u00e9v\u00e8nement d\u00e9clencheur. Cette col\u00e8re\nou cette tristesse subite sera jug\u00e9e int\u00e9rieurement par nos\nconditionnements, qui interdisent la col\u00e8re ou la tristesse, d\u2019o\u00f9\nculpabilit\u00e9. La cons\u00e9quence sera peut-\u00eatre d\u2019amplifier dans un\npremier temps l\u2019\u00e9motion, pour finalement l\u2019\u00e9touffer, la cacher\nsous le tapis. L\u2019\u00e9nergie de l\u2019\u00e9motion va \u00eatre cristallis\u00e9e,\nmin\u00e9ralis\u00e9e, bloqu\u00e9e dans la structure vibratoire, puis \u00e0 la\nlongue dans le corps physique. \n<\/p>\n\n\n\n<p>Le\nblocage \u00e9nerg\u00e9tique va d\u00e9vier la \u00ab&nbsp;rivi\u00e8re de vie&nbsp;\u00bb\nprovoquant des dysfonctionnements psychiques ou physiques.<\/p>\n\n\n\n<p>Vous\nobservez peut-\u00eatre dans votre vie affective ou professionnelle des\nfreins, des automatismes, sous\nforme de sch\u00e9mas\nr\u00e9p\u00e9titifs, de\nsympt\u00f4mes physiques,\nde pens\u00e9es obsessionnelles, de douleurs \u00e9motionnelles, etc.<\/p>\n\n\n\n<p>Ces\ndifficult\u00e9s peuvent \u00eatre reli\u00e9es \u00e0 votre histoire personnelle, \u00e0\nl\u2019h\u00e9ritage trans-g\u00e9n\u00e9rationnel, ou \u00e0 d\u2019autres exp\u00e9riences de\nvotre \u00e2me dans d\u2019autres espace-temps. Tout ce pass\u00e9, ces\nexp\u00e9riences, peuvent laisser des traces dans nos cellules, sous\nforme de m\u00e9moires \u00ab&nbsp;vivantes&nbsp;\u00bb au sens de m\u00e9moires\nagissantes.<\/p>\n\n\n\n<p>L\u2019Int\u00e9gration\nm\u00e9morielle permet d\u2019amener \u00e0 la conscience ces m\u00e9moires et les\nr\u00e9sistances associ\u00e9es, de les recontacter, les reconna\u00eetre et de\nlib\u00e9rer la stase \u00e9nerg\u00e9tique. Int\u00e9grer cette r\u00e9alit\u00e9, c\u2019est\nl\u2019accueillir et s\u2019en gu\u00e9rir, afin de retrouver une plus grande\nl\u00e9g\u00e8ret\u00e9 d\u2019\u00eatre.<\/p>\n\n\n\n<p><em>\u00ab&nbsp;Le\nbut est d\u2019\u00e9liminer de la m\u00e9moire cellulaire la programmation\nlimitative qu\u2019aura entra\u00een\u00e9 la blessure sur laquelle nous\nd\u00e9cidons de travailler&nbsp;\u00bb<\/em><\/p>\n\n\n\n<p>La\nd\u00e9marche d\u2019int\u00e9gration des m\u00e9moires propos\u00e9e par Anschma est de\ns\u2019ouvrir \u00e0 une conscience plus vaste de notre \u00eatre et du sens de\nl\u2019\u00e9volution.<\/p>\n\n\n\n<p><strong>D\u00e9roulement\nd\u2019une s\u00e9ance<\/strong><\/p>\n\n\n\n<p>Avant\nde partir en voyage, la question est de savoir ce que vous souhaitez\nexplorer. Quel est votre th\u00e8me&nbsp;? Observez votre vie actuelle et\ninterrogez-vous. Qu\u2019est-ce qui vous limite le plus pour le moment&nbsp;?\nUne relation, un comportement r\u00e9p\u00e9titif, une \u00e9motion, une pens\u00e9e\nobsessionnelle, une sensation d\u00e9sagr\u00e9able, une douleur chronique\u2026&nbsp;?<\/p>\n\n\n\n<p>Nous\nprendrons le temps de pr\u00e9ciser votre th\u00e8me s\u2019il est trop vaste.\nPlus le th\u00e8me sera pr\u00e9cis, plus l\u2019effet de la gu\u00e9rison se\nressentira dans votre quotidien. Nous pouvons travailler sur des\ndifficult\u00e9s li\u00e9es \u00e0 votre vie pr\u00e9sente (de votre conception,\nf\u00e9condation, gestation, naissance et jusqu\u2019\u00e0 ce jour), \u00e0 des\nvies d\u00eetes ant\u00e9rieures, ou au choix d\u2019incarnation de l\u2019\u00e2me. \n<\/p>\n\n\n\n<p>Je\nvous accompagnerai en suivant un protocole pr\u00e9cis. Celui-ci vous\npr\u00e9parera \u00e0 recontacter le moment o\u00f9 la difficult\u00e9 prend racine.<\/p>\n\n\n\n<p>Une\nrelaxation guid\u00e9e vous aidera \u00e0 vous d\u00e9tendre en profondeur.\nCalmer le mental et l\u2019\u00e9motionnel permet d\u2019atteindre\nun \u00e9tat de conscience modifi\u00e9e pour faciliter la r\u00e9ceptivit\u00e9.<\/p>\n\n\n\n<p>Vous\nacc\u00e9derez \u00e0 un espace\ntransitoire, dans lequel vous pourrez vous ressourcer.<\/p>\n\n\n\n<p>L\u00e0,\nje vous inviterai dans un espace de protection, o\u00f9 vous connecterez\ndans vos corps l\u2019\u00e9nergie du th\u00e8me. Ceci am\u00e8nera \u00e0 la conscience\nles moments les plus importants o\u00f9 vous avez exp\u00e9riment\u00e9 la\ndifficult\u00e9.<\/p>\n\n\n\n<p>Votre\nconscience suivra alors le fil conducteur pour se rendre dans le\npass\u00e9, dans l\u2019astral, ou dans d\u2019autres espaces. Pour vous aider\n\u00e0 d\u00e9velopper et pr\u00e9ciser vos perceptions, nous \u00e9changerons\nverbalement durant  cette \u00e9tape de \u00ab&nbsp;r\u00e9gression&nbsp;\u00bb. Je\nvous guiderai dans cette\nexploration pour n\u00e9gocier avec les possibles r\u00e9sistances de votre\ninconscient, sans jamais le forcer, dans\nle respect de l\u2019\u00e9cologie de votre \u00eatre. Votre inconscient\nrendra accessible ce que vous aurez la force int\u00e9rieur d\u2019accueillir,\nde transformer.<\/p>\n\n\n\n<p>Mon\nintervention vous soutiendra \u00e9galement au niveau vibratoire par des\nactions adapt\u00e9es sur vos corps subtils. Je\ncanaliserai les\nvibrations, puisant\nsymboliquement \u00e0 la terre et au ciel.<\/p>\n\n\n\n<p>Pour\nfinir, je vous am\u00e8nerai dans un espace de gu\u00e9rison \u2013 car nouer\navec des m\u00e9moires \u00e0 l\u2019origine de difficult\u00e9s ne suffit pas \u00e0\ns\u2019en lib\u00e9rer. Nous soignerons les blessures en laissant entrer le\n\u00ab&nbsp;fluide de gu\u00e9rison&nbsp;\u00bb par la porte vibratoire ouverte.<\/p>\n\n\n\n<p>La\ngu\u00e9rison des m\u00e9moires ramen\u00e9es \u00e0 la conscience d\u00e9pendra de votre\nr\u00e9ceptivit\u00e9 et de votre capacit\u00e9 \u00e0 laisser aller ces blessures.\nNotre action conjointe visera\n\u00e0 \u00e9liminer la charge coll\u00e9e sur vos m\u00e9moires et qui p\u00e8se\nsur votre vie actuelle. Elle agira sur les diff\u00e9rents corps, jusque\ndans vos cellules physiques.<\/p>\n\n\n\n<p>Par\nla suite, il vous appartiendra de d\u00e9velopper votre conscience pour\nd\u00e9faire ves fonctionnements d\u2019adaptation aux difficult\u00e9s\nrencontr\u00e9es. Chacun reste en permanence ma\u00eetre de sa gu\u00e9rison.<\/p>\n\n\n\n<p>L\u2019Int\u00e9gration\nm\u00e9morielle Anschma est une intervention th\u00e9rapeutique profonde.\nElle ne s\u2019adresse pas aux personnes en quette de sensationnel ou de\ntourisme karmique. C\u2019est un outil pertinent pour celles et ceux qui\ncherchent \u00e0 se d\u00e9tacher\nde l\u2019origine de leur\nmal-\u00eatre. \n<\/p>\n\n\n\n<p>Cette approche ne remplace ni ne dispense d\u2019une visite chez votre m\u00e9decin. Elle ne peut se substituer \u00e0 un examen ou un traitement m\u00e9dical.<\/p>\n\n\n\n<p><\/p>\n\n\n\n<p><\/p>\n\n\n\n<p><\/p>\n\n\n\n<p><\/p>\n\n\n\n<h2><\/h2>\n\n\n\n<p><\/p>\n\n\n\n<p><\/p>\n\n\n\n<p><\/p>\n\n\n\n<p><\/p>\n","protected":false},"excerpt":{"rendered":"<p>Les difficult\u00e9s que nous rencontrons sont souvent des cons\u00e9quences de la fa\u00e7on dont nous avons g\u00e9r\u00e9 int\u00e9rieurement une situation. Culturellement, nous r\u00e9sistons au lieu de laisser aller, laisser couler. Selon si nous exprimons ou jugeons l\u2019\u00e9motion provoqu\u00e9e par un v\u00e9cu quel qu\u2019il soit, nous allons dig\u00e9rer l\u2019\u00e9nergie ou la bloquer. Plusieurs aspects de nous influencent &hellip; <\/p>\n<p class=\"link-more\"><a href=\"https:\/\/consciencecorporelle.fr\/?page_id=401\" class=\"more-link\">Continuer la lecture<span class=\"screen-reader-text\"> de &laquo;&nbsp;Int\u00e9gration m\u00e9morielle Anschma\u00a9&nbsp;&raquo;<\/span><\/a><\/p>\n","protected":false},"author":1,"featured_media":0,"parent":0,"menu_order":0,"comment_status":"closed","ping_status":"closed","template":"","meta":[],"_links":{"self":[{"href":"https:\/\/consciencecorporelle.fr\/index.php?rest_route=\/wp\/v2\/pages\/401"}],"collection":[{"href":"https:\/\/consciencecorporelle.fr\/index.php?rest_route=\/wp\/v2\/pages"}],"about":[{"href":"https:\/\/consciencecorporelle.fr\/index.php?rest_route=\/wp\/v2\/types\/page"}],"author":[{"embeddable":true,"href":"https:\/\/consciencecorporelle.fr\/index.php?rest_route=\/wp\/v2\/users\/1"}],"replies":[{"embeddable":true,"href":"https:\/\/consciencecorporelle.fr\/index.php?rest_route=%2Fwp%2Fv2%2Fcomments&post=401"}],"version-history":[{"count":2,"href":"https:\/\/consciencecorporelle.fr\/index.php?rest_route=\/wp\/v2\/pages\/401\/revisions"}],"predecessor-version":[{"id":433,"href":"https:\/\/consciencecorporelle.fr\/index.php?rest_route=\/wp\/v2\/pages\/401\/revisions\/433"}],"wp:attachment":[{"href":"https:\/\/consciencecorporelle.fr\/index.php?rest_route=%2Fwp%2Fv2%2Fmedia&parent=401"}],"curies":[{"name":"wp","href":"https:\/\/api.w.org\/{rel}","templated":true}]}}