{"id":479,"date":"2020-08-30T10:30:24","date_gmt":"2020-08-30T09:30:24","guid":{"rendered":"http:\/\/consciencecorporelle.fr\/?page_id=479"},"modified":"2020-08-30T11:18:32","modified_gmt":"2020-08-30T10:18:32","slug":"stage-de-therapie-psycho-corporelle-a-lyon","status":"publish","type":"page","link":"https:\/\/consciencecorporelle.fr\/?page_id=479","title":{"rendered":"Stage de th\u00e9rapie psycho-corporelle \u00e0 Lyon"},"content":{"rendered":"\n<p><strong>Pr\u00e9sentation<\/strong><\/p>\n\n\n\n<p>La th\u00e9rapie Conscience physiologique se base sur l\u2019origine marine de la vie et sur les informations que l\u2019eau du corps humain accumule au cours de son histoire, depuis sa premi\u00e8re cellule. C\u2019est la m\u00e9moire de l&rsquo;eau. Ces m\u00e9moires finissent par devenir des programmes qui affectent les organes, les sens, le f\u00e9minin et le masculin.<\/p>\n\n\n\n<p>Ce stage vous permettra de prendre conscience de l\u2019origine de ces m\u00e9moires, des somatisations et des difficult\u00e9s relationnelles. Sentir et ressentir votre corps va (re)mettre en route le mouvement de votre eau, du vivant, pour dig\u00e9rer et lib\u00e9rer vos fonctionnements douloureux.<\/p>\n\n\n\n<p><strong>A qui s&rsquo;adresse le stage&nbsp;?<\/strong><\/p>\n\n\n\n<p>A toute personne qui d\u00e9sire d\u00e9couvrir ou d\u00e9velopper le travail de connaissance de soi par la conscience corporelle, quels que soient son \u00e2ge et ses capacit\u00e9s physiques.<\/p>\n\n\n\n<p>Ce stage est aussi un pr\u00e9requis pour la formation en Conscience physiologique qui d\u00e9butera en janvier 2021 \u00e0 Lyon.<\/p>\n\n\n\n<p><\/p>\n\n\n\n<p><strong>Contenu du stage<\/strong><\/p>\n\n\n\n<p>Le travail th\u00e9rapeutique Conscience physiologique en groupe s\u2019appuie sur les \u00e9changes entre stagiaires, des exercices, et des moments de travail personnalis\u00e9s pour transformer et dig\u00e9rer les m\u00e9moires r\u00e9veill\u00e9es au cours du stage.<\/p>\n\n\n\n<ul><li>Travail verbal individuel \u00e0 partir du v\u00e9cu des stagiaires<\/li><li>D\u00e9monstration et apprentissage de massages entre stagiaires. (Les massages se pratiquent entre stagiaires dans le respect de chacun, accompagn\u00e9s et guid\u00e9s par les intervenantes.)<\/li><li>Pratique de mouvements corporels respectueux de votre corps<\/li><li>Utilisation possible du dessin ou du modelage<\/li><\/ul>\n\n\n\n<p><strong> Informations pratiques<\/strong><br \/>Prix : 330 \u20ac le stage de 3 jours<br \/>Dates : du vendredi 30 octobre \u00e0 10h au dimanche 1er novembre \u00e0 17h.<br \/>Lieu : Salle Lyon 6 \/ 13, rue Curie, 69006 Lyon \/ M\u00e9tro Brotteaux, Charpenne,Mass\u00e9na \/ \u00e0 8 mn \u00e0 pieds de la Gare Part-Dieu<\/p>\n\n\n\n<p><a href=\"http:\/\/consciencecorporelle.fr\/?attachment_id=485\" target=\"_blank\" rel=\"noreferrer noopener\">Plaquette du stage<\/a><\/p>\n","protected":false},"excerpt":{"rendered":"<p>Pr\u00e9sentation La th\u00e9rapie Conscience physiologique se base sur l\u2019origine marine de la vie et sur les informations que l\u2019eau du corps humain accumule au cours de son histoire, depuis sa premi\u00e8re cellule. C\u2019est la m\u00e9moire de l&rsquo;eau. Ces m\u00e9moires finissent par devenir des programmes qui affectent les organes, les sens, le f\u00e9minin et le masculin. &hellip; <\/p>\n<p class=\"link-more\"><a href=\"https:\/\/consciencecorporelle.fr\/?page_id=479\" class=\"more-link\">Continuer la lecture<span class=\"screen-reader-text\"> de &laquo;&nbsp;Stage de th\u00e9rapie psycho-corporelle \u00e0 Lyon&nbsp;&raquo;<\/span><\/a><\/p>\n","protected":false},"author":1,"featured_media":0,"parent":0,"menu_order":0,"comment_status":"closed","ping_status":"closed","template":"","meta":[],"_links":{"self":[{"href":"https:\/\/consciencecorporelle.fr\/index.php?rest_route=\/wp\/v2\/pages\/479"}],"collection":[{"href":"https:\/\/consciencecorporelle.fr\/index.php?rest_route=\/wp\/v2\/pages"}],"about":[{"href":"https:\/\/consciencecorporelle.fr\/index.php?rest_route=\/wp\/v2\/types\/page"}],"author":[{"embeddable":true,"href":"https:\/\/consciencecorporelle.fr\/index.php?rest_route=\/wp\/v2\/users\/1"}],"replies":[{"embeddable":true,"href":"https:\/\/consciencecorporelle.fr\/index.php?rest_route=%2Fwp%2Fv2%2Fcomments&post=479"}],"version-history":[{"count":3,"href":"https:\/\/consciencecorporelle.fr\/index.php?rest_route=\/wp\/v2\/pages\/479\/revisions"}],"predecessor-version":[{"id":486,"href":"https:\/\/consciencecorporelle.fr\/index.php?rest_route=\/wp\/v2\/pages\/479\/revisions\/486"}],"wp:attachment":[{"href":"https:\/\/consciencecorporelle.fr\/index.php?rest_route=%2Fwp%2Fv2%2Fmedia&parent=479"}],"curies":[{"name":"wp","href":"https:\/\/api.w.org\/{rel}","templated":true}]}}